{"id":45,"date":"2023-04-18T09:09:04","date_gmt":"2023-04-18T09:09:04","guid":{"rendered":"https:\/\/takikadr.pl\/mikroroznorodnosc\/?page_id=45"},"modified":"2025-12-04T14:47:17","modified_gmt":"2025-12-04T14:47:17","slug":"wystawa","status":"publish","type":"page","link":"https:\/\/mikroroznorodnosc.mateuszfilipiuk.pl\/","title":{"rendered":"mikror\u00f3\u017cnorodno\u015b\u0107"},"content":{"rendered":"\t\t<div data-elementor-type=\"wp-page\" data-elementor-id=\"45\" class=\"elementor elementor-45\">\n\t\t\t\t\t\t<section class=\"elementor-section elementor-top-section elementor-element elementor-element-8e9480f elementor-section-boxed elementor-section-height-default elementor-section-height-default\" data-id=\"8e9480f\" data-element_type=\"section\">\n\t\t\t\t\t\t<div class=\"elementor-container elementor-column-gap-default\">\n\t\t\t\t\t<div class=\"elementor-column elementor-col-100 elementor-top-column elementor-element elementor-element-1867de9\" data-id=\"1867de9\" data-element_type=\"column\">\n\t\t\t<div class=\"elementor-widget-wrap elementor-element-populated\">\n\t\t\t\t\t\t<div class=\"elementor-element elementor-element-85ae38c elementor-widget elementor-widget-image\" data-id=\"85ae38c\" data-element_type=\"widget\" data-widget_type=\"image.default\">\n\t\t\t\t<div class=\"elementor-widget-container\">\n\t\t\t\t\t\t\t\t\t\t\t\t\t\t\t<img fetchpriority=\"high\" decoding=\"async\" width=\"1920\" height=\"1080\" src=\"https:\/\/mikroroznorodnosc.mateuszfilipiuk.pl\/wp-content\/uploads\/2023\/04\/Bog-stworzyl-cialo-i-jest-dobre-3.png\" class=\"attachment-2048x2048 size-2048x2048 wp-image-133\" alt=\"\" srcset=\"https:\/\/mikroroznorodnosc.mateuszfilipiuk.pl\/wp-content\/uploads\/2023\/04\/Bog-stworzyl-cialo-i-jest-dobre-3.png 1920w, https:\/\/mikroroznorodnosc.mateuszfilipiuk.pl\/wp-content\/uploads\/2023\/04\/Bog-stworzyl-cialo-i-jest-dobre-3-300x169.png 300w, https:\/\/mikroroznorodnosc.mateuszfilipiuk.pl\/wp-content\/uploads\/2023\/04\/Bog-stworzyl-cialo-i-jest-dobre-3-1024x576.png 1024w, https:\/\/mikroroznorodnosc.mateuszfilipiuk.pl\/wp-content\/uploads\/2023\/04\/Bog-stworzyl-cialo-i-jest-dobre-3-768x432.png 768w, https:\/\/mikroroznorodnosc.mateuszfilipiuk.pl\/wp-content\/uploads\/2023\/04\/Bog-stworzyl-cialo-i-jest-dobre-3-1536x864.png 1536w, https:\/\/mikroroznorodnosc.mateuszfilipiuk.pl\/wp-content\/uploads\/2023\/04\/Bog-stworzyl-cialo-i-jest-dobre-3-145x82.png 145w, https:\/\/mikroroznorodnosc.mateuszfilipiuk.pl\/wp-content\/uploads\/2023\/04\/Bog-stworzyl-cialo-i-jest-dobre-3-286x161.png 286w, https:\/\/mikroroznorodnosc.mateuszfilipiuk.pl\/wp-content\/uploads\/2023\/04\/Bog-stworzyl-cialo-i-jest-dobre-3-846x476.png 846w\" sizes=\"(max-width: 957px) 88vw, (max-width: 1199px) 77vw, (max-width: 1397px) 61vw, 846px\" \/>\t\t\t\t\t\t\t\t\t\t\t\t\t\t\t<\/div>\n\t\t\t\t<\/div>\n\t\t\t\t<div class=\"elementor-element elementor-element-d6fff1a elementor-widget elementor-widget-text-editor\" data-id=\"d6fff1a\" data-element_type=\"widget\" data-widget_type=\"text-editor.default\">\n\t\t\t\t<div class=\"elementor-widget-container\">\n\t\t\t\t\t\t\t\t\t<p>B\u00f3g stworzy\u0142 cz\u0142owieka. Stworzy\u0142 dusz\u0119 i stworzy\u0142 cia\u0142o. Wszystko, co stworzy\u0142, jest dobre.<\/p><p><strong>Cia\u0142o jest dobre<\/strong>. Mamy o nie dba\u0107, piel\u0119gnowa\u0107, cieszy\u0107 si\u0119 nim, podziwia\u0107 je.<\/p><p>\u200c<\/p><p>Dzi\u015b cia\u0142o jest traktowane skrajnie.<\/p><p>Z jednej strony mamy cia\u0142o jako towar, wulgarne, bezwstydne, traktowane przedmiotowo. Pokazuj\u0119 si\u0119 cia\u0142o, bo chc\u0119 si\u0119 zaistnie\u0107, co\u015b sprzeda\u0107, dosta\u0107 awans, wi\u0119cej \u201clajk\u00f3w\u201d. To cia\u0142o cz\u0119sto jest nienaturalne, sztucznie upi\u0119kszane (media spo\u0142eczno\u015bciowe, filtry), tworzy niedo\u015bcignione wzorce.<\/p><p>Zaczyna si\u0119 \u201cpogo\u0144 za kr\u00f3liczkiem\u201d i wiele os\u00f3b goni\u0105c za tym \u201ccielesnym idea\u0142em\u201d traci zdrowie fizyczne, psychiczne, a czasami nawet \u017cycie\u2026\u200c<\/p><p>Druga strona medalu. Cia\u0142o niedocenione, zawstydzone, \u201ebrzydkie\u201d, czasami wr\u0119cz pot\u0119pione. To nie jest prawdziwy obraz, a por\u00f3wnanie do sztucznie wykreowanego idea\u0142u. Niestety wiele os\u00f3b por\u00f3wnuje i wstydzi si\u0119, kszta\u0142tu swojego cia\u0142a, znamion, blizn, niedoskona\u0142o\u015bci. Zupe\u0142nie niezgodnie z zamys\u0142em Stw\u00f3rcy. Ka\u017cda niedoskona\u0142o\u015b\u0107 naszego cia\u0142a to nasza historia, czasami trudna, ale zawsze prawdziwa.<\/p><p>Akceptacja cia\u0142a to dzi\u015b bardzo wa\u017cne i potrzebne zagadnienie. Dlatego potrzebujemy zdrowej akceptacji. Akceptuj\u0119 sw\u00f3j wygl\u0105d, swoje niedoskona\u0142o\u015bci, kszta\u0142t, wszystko to co mam, ale nie akceptuj\u0119 w\u0142asnego zaniedbania i pracuj\u0119 nad tym co jest zale\u017cne ode mnie, dbam o siebie, o swoje cia\u0142o.<\/p><p>\u200c<\/p><p>Celem projektu jest pokazanie prawdy. Pokazanie naturalnego cia\u0142a, pi\u0119knego cia\u0142a w swojej formie, w mnogo\u015bci p\u0142aszczyzn i przecinaj\u0105cych si\u0119 linii, minimalistycznie.<\/p><p><strong>MIKROR\u00d3\u017bNORODNO\u015a\u0106<\/strong> &#8211; bo r\u00f3\u017cnimy si\u0119, r\u00f3\u017cnimy si\u0119 pi\u0119knie. Ka\u017cde cia\u0142o jest inne, a jednocze\u015bnie bardzo podobne. Ka\u017cde cia\u0142o jest niedoskona\u0142e i ma drobne lub wi\u0119ksze wady, kt\u00f3re s\u0105 te\u017c pi\u0119kne. Cia\u0142o si\u0119 zmienia z up\u0142ywem czasu, zmienia i nadal pozostaje pi\u0119kne.<\/p><p><strong>MIKROR\u00d3\u017bNORODNO\u015a\u0106<\/strong> &#8211; bo to, jak r\u00f3\u017cni\u0105 si\u0119 nasze cia\u0142a, to naprawd\u0119 drobna r\u00f3\u017cnica w por\u00f3wnaniu do tego, jakie mamy bogactwo ducha, charakteru, intelektu, osobowo\u015bci.<\/p>\t\t\t\t\t\t\t\t<\/div>\n\t\t\t\t<\/div>\n\t\t\t\t<div class=\"elementor-element elementor-element-06a7f68 elementor-widget elementor-widget-spacer\" data-id=\"06a7f68\" data-element_type=\"widget\" data-widget_type=\"spacer.default\">\n\t\t\t\t<div class=\"elementor-widget-container\">\n\t\t\t\t\t\t\t<div class=\"elementor-spacer\">\n\t\t\t<div class=\"elementor-spacer-inner\"><\/div>\n\t\t<\/div>\n\t\t\t\t\t\t<\/div>\n\t\t\t\t<\/div>\n\t\t\t\t<div class=\"elementor-element elementor-element-1b61b81 elementor-widget elementor-widget-eael-creative-button\" data-id=\"1b61b81\" data-element_type=\"widget\" data-widget_type=\"eael-creative-button.default\">\n\t\t\t\t<div class=\"elementor-widget-container\">\n\t\t\t\t\t        <div class=\"eael-creative-button-wrapper\">\n\n            <a class=\"eael-creative-button eael-creative-button--default\" href=\"https:\/\/mikroroznorodnosc.mateuszfilipiuk.pl\/index.php\/wystawa-2\/\" data-text=\"\">\n            \t    \n                <div class=\"creative-button-inner\">\n\n                    \n                    <span class=\"cretive-button-text\">ZOBACZ WYSTAW\u0118<\/span>\n\n                                    <\/div>\n\t                        <\/a>\n        <\/div>\n        \t\t\t\t<\/div>\n\t\t\t\t<\/div>\n\t\t\t\t<div class=\"elementor-element elementor-element-c78fda3 elementor-widget elementor-widget-spacer\" data-id=\"c78fda3\" data-element_type=\"widget\" data-widget_type=\"spacer.default\">\n\t\t\t\t<div class=\"elementor-widget-container\">\n\t\t\t\t\t\t\t<div class=\"elementor-spacer\">\n\t\t\t<div class=\"elementor-spacer-inner\"><\/div>\n\t\t<\/div>\n\t\t\t\t\t\t<\/div>\n\t\t\t\t<\/div>\n\t\t\t\t<div class=\"elementor-element elementor-element-62e7d82 elementor-widget elementor-widget-text-editor\" data-id=\"62e7d82\" data-element_type=\"widget\" data-widget_type=\"text-editor.default\">\n\t\t\t\t<div class=\"elementor-widget-container\">\n\t\t\t\t\t\t\t\t\t<p data-pm-slice=\"1 1 []\">Kupuj\u0105c u mnie sesj\u0119 wesprzesz projekt \u201cmikror\u00f3\u017cnorodno\u015b\u0107\u201d i pomo\u017cesz mu ujrze\u0107 przestrze\u0144 rzeczywist\u0105, a nie tylko wirtualn\u0105.<\/p><p data-pm-slice=\"1 1 []\"><span style=\"font-size: inherit; color: var( --e-global-color-text ); font-family: var( --e-global-typography-text-font-family ), Sans-serif; font-weight: var( --e-global-typography-text-font-weight );\">Mo\u017cesz te\u017c postawi\u0107 mi kaw\u0119 w tym celu \ud83d\ude42\u00a0<\/span><\/p>\t\t\t\t\t\t\t\t<\/div>\n\t\t\t\t<\/div>\n\t\t\t\t<div class=\"elementor-element elementor-element-cc444b3 elementor-widget elementor-widget-html\" data-id=\"cc444b3\" data-element_type=\"widget\" data-widget_type=\"html.default\">\n\t\t\t\t<div class=\"elementor-widget-container\">\n\t\t\t\t\t<center><a href=\"https:\/\/buycoffee.to\/takikadr\" target=\"_blank\"><img decoding=\"async\" src=\"https:\/\/buycoffee.to\/btn\/buycoffeeto-btn-primary-outline.svg\" style=\"width: 200px\" alt=\"Postaw mi kaw\u0119 na buycoffee.to\"><\/a><\/center>\t\t\t\t<\/div>\n\t\t\t\t<\/div>\n\t\t\t\t<div class=\"elementor-element elementor-element-31b0cd0 elementor-widget-divider--view-line elementor-widget elementor-widget-divider\" data-id=\"31b0cd0\" data-element_type=\"widget\" data-widget_type=\"divider.default\">\n\t\t\t\t<div class=\"elementor-widget-container\">\n\t\t\t\t\t\t\t<div class=\"elementor-divider\">\n\t\t\t<span class=\"elementor-divider-separator\">\n\t\t\t\t\t\t<\/span>\n\t\t<\/div>\n\t\t\t\t\t\t<\/div>\n\t\t\t\t<\/div>\n\t\t\t\t<div class=\"elementor-element elementor-element-aab0aca elementor-widget elementor-widget-text-editor\" data-id=\"aab0aca\" data-element_type=\"widget\" data-widget_type=\"text-editor.default\">\n\t\t\t\t<div class=\"elementor-widget-container\">\n\t\t\t\t\t\t\t\t\t<p><span style=\"color: var( --e-global-color-text ); font-family: var( --e-global-typography-text-font-family ), Sans-serif; font-weight: var( --e-global-typography-text-font-weight ); text-align: center; white-space: pre-wrap;\">Dzi\u0119ki uprzejmo\u015bci i wsp\u00f3\u0142pracy wi\u0119kszo\u015b\u0107 zdj\u0119\u0107 powsta\u0142o w <a href=\"https:\/\/www.studioup.pl\">Studio UP<\/a><\/span><\/p>\t\t\t\t\t\t\t\t<\/div>\n\t\t\t\t<\/div>\n\t\t\t\t\t<\/div>\n\t\t<\/div>\n\t\t\t\t\t<\/div>\n\t\t<\/section>\n\t\t\t\t<\/div>\n\t\t","protected":false},"excerpt":{"rendered":"<p>B\u00f3g stworzy\u0142 cz\u0142owieka. Stworzy\u0142 dusz\u0119 i stworzy\u0142 cia\u0142o. Wszystko, co stworzy\u0142, jest dobre. Cia\u0142o jest dobre. Mamy o nie dba\u0107, piel\u0119gnowa\u0107, cieszy\u0107 si\u0119 nim, podziwia\u0107 je. \u200c Dzi\u015b cia\u0142o jest traktowane skrajnie. Z jednej strony mamy cia\u0142o jako towar, wulgarne,\u2026<\/p>\n","protected":false},"author":1,"featured_media":0,"parent":0,"menu_order":0,"comment_status":"closed","ping_status":"closed","template":"elementor_header_footer","meta":{"footnotes":""},"class_list":["post-45","page","type-page","status-publish","hentry"],"jetpack_sharing_enabled":true,"_links":{"self":[{"href":"https:\/\/mikroroznorodnosc.mateuszfilipiuk.pl\/index.php\/wp-json\/wp\/v2\/pages\/45","targetHints":{"allow":["GET"]}}],"collection":[{"href":"https:\/\/mikroroznorodnosc.mateuszfilipiuk.pl\/index.php\/wp-json\/wp\/v2\/pages"}],"about":[{"href":"https:\/\/mikroroznorodnosc.mateuszfilipiuk.pl\/index.php\/wp-json\/wp\/v2\/types\/page"}],"author":[{"embeddable":true,"href":"https:\/\/mikroroznorodnosc.mateuszfilipiuk.pl\/index.php\/wp-json\/wp\/v2\/users\/1"}],"replies":[{"embeddable":true,"href":"https:\/\/mikroroznorodnosc.mateuszfilipiuk.pl\/index.php\/wp-json\/wp\/v2\/comments?post=45"}],"version-history":[{"count":84,"href":"https:\/\/mikroroznorodnosc.mateuszfilipiuk.pl\/index.php\/wp-json\/wp\/v2\/pages\/45\/revisions"}],"predecessor-version":[{"id":183,"href":"https:\/\/mikroroznorodnosc.mateuszfilipiuk.pl\/index.php\/wp-json\/wp\/v2\/pages\/45\/revisions\/183"}],"wp:attachment":[{"href":"https:\/\/mikroroznorodnosc.mateuszfilipiuk.pl\/index.php\/wp-json\/wp\/v2\/media?parent=45"}],"curies":[{"name":"wp","href":"https:\/\/api.w.org\/{rel}","templated":true}]}}